{"id":2,"date":"2012-03-16T15:40:11","date_gmt":"2012-03-16T15:40:11","guid":{"rendered":"http:\/\/blog.lesplantesdedamien.fr\/?page_id=2"},"modified":"2012-06-26T06:49:11","modified_gmt":"2012-06-26T06:49:11","slug":"lauteur","status":"publish","type":"page","link":"http:\/\/blog.lesplantesdedamien.fr\/?page_id=2","title":{"rendered":"Damien Lacroix"},"content":{"rendered":"<p><strong>Docteur d\u2019\u00e9tat en pharmacie<\/strong> et <strong>docteur en Chimie<\/strong> sp\u00e9cialis\u00e9 dans les substances naturelles, j\u2019ai travaill\u00e9 pendant cinq ans dans les laboratoires de recherches du <strong>Mus\u00e9um National d\u2019Histoire Naturelle<\/strong> et de l\u2019<strong>Institut de Chimie des Substances Naturelles<\/strong> de Gif sur Yvette (CNRS). J\u2019ai r\u00e9alis\u00e9 plusieurs \u00e9tudes sur les constituants chimiques de plantes m\u00e9dicinales d&#8217;Afrique, d&#8217;Am\u00e9rique du Sud et sur ceux des \u00e9ponges marines des Iles Salomon.<\/p>\n<p><strong>Pharmacien sp\u00e9cialis\u00e9 en phytoth\u00e9rapie et aromath\u00e9rapie<\/strong>, j&#8217;exerce aujourd&#8217;hui en officine et <strong>je conseille mes patients afin de les accompagner dans leurs choix th\u00e9rapeutiques<\/strong>, m\u00e9dicaments, phytoth\u00e9rapie, pr\u00e9vention, hygi\u00e8ne de vie&#8230;<\/p>\n<p>Ce blog associ\u00e9 au site <a title=\"Le sp\u00e9cialiste des plantes\" href=\"http:\/\/lesplantesdedamien.fr\" target=\"_blank\"><strong>lesplantesdedamien.fr<\/strong> <\/a>a pour but de <strong>partager des r\u00e9flexions sur la m\u00e9decine, la pharmacie, la recherche scientifique, la phytoth\u00e9rapie <\/strong>mais aussi les autres usages des plantes.<\/p>\n<p>&nbsp;<\/p>\n<p><strong>PUBLICATIONS SCIENTIFIQUES DE L&#8217;AUTEUR<\/strong><\/p>\n<p><strong>Lacroix D<\/strong>., Prado S., Kasenene J., Kamoga D., Zirah S. and Bodo B. Unprecedented Occurrence of Isoaspartic Acid in a Plant Cyclopeptide. <em>Organic Letters<\/em> <strong>2012<\/strong>, <em>14<\/em> (2), 576\u2013579.<\/p>\n<p><strong>Lacroix D<\/strong>., Prado S., Kasenene J., Kamoga D. and Bodo B. Absolute configuration of\u00a02&#8242;(R)-acetylmontrifoline and 2&#8242;(R)-montrifoline, furoquinolines from the fruits of <em>Teclea nobilis<\/em>. <em>Phytochemistry Letters <\/em><strong>2012<\/strong>, <em>5<\/em> (1), 22\u201325.<\/p>\n<p><strong>Lacroix D<\/strong>., Prado S., Kasenene J., Kamoga D. and Bodo B. Structure and antiparasitic activities of phenylpropanoids and alkaloids from <em>Citropsis articulata<\/em> root barks. <em>Journal of Natural products<\/em> <strong>2011<\/strong>, <em>74<\/em> (10), 2286-2289.<\/p>\n<p><strong> <\/strong><\/p>\n<p><strong>Lacroix<sup> <\/sup>D<\/strong>., Prado<sup> <\/sup>S.,<sup> <\/sup>Kamoga D., Kasenene<sup> <\/sup>J., Namukobe<sup> <\/sup>J., Krief<sup> <\/sup>S., Dumontet<sup> <\/sup>V., Mouray<sup> <\/sup>E., Bodo B. and Brunois<sup> <\/sup>F.<strong> <\/strong>Antiplasmodial and cytotoxic activities of medicinal plants traditionally used in the village of Kiohima, Uganda. <em>Journal of Ethnopharmacology <\/em><strong>2011<\/strong>, 133 (2), 850-855.<\/p>\n<p><strong>Lacroix D. <\/strong>L\u2019Ayahuasca, un breuvage chamanique amazonien\u00a0: aspects ethnobotaniques, chimiques, pharmacologiques, effets physique et psychique du m\u00e9lange hallucinog\u00e8ne. Editions Universitaires Europ\u00e9ennes, janvier\u00a0<strong>2011<\/strong>.<\/p>\n<p><strong> <\/strong><\/p>\n<p><strong>Lacroix D<\/strong>., Prado S., Deville A., Krief S., Dumontet V., Kasenene J., Mouray E., Bories C. and Bodo B.<strong> <\/strong>Hydroperoxy-cycloartane triterpenoids from the leaves of <em>Markhamia lutea<\/em>, a plant ingested by wild chimpanzees. <em>Phytochemistry <\/em><strong>2009<\/strong>,<em> 70<\/em>: 1239-1945.<strong> <\/strong><\/p>\n<p>&nbsp;<\/p>\n<p><span style=\"color: #000000;\"><strong><br \/>\n<\/strong><\/span><\/p>\n<p>&nbsp;<\/p>\n","protected":false},"excerpt":{"rendered":"<p>Docteur d\u2019\u00e9tat en pharmacie et docteur en Chimie sp\u00e9cialis\u00e9 dans les substances naturelles, j\u2019ai travaill\u00e9 pendant cinq ans dans les laboratoires de recherches du Mus\u00e9um National d\u2019Histoire Naturelle et de l\u2019Institut de Chimie des Substances Naturelles de Gif sur Yvette &hellip; <a href=\"http:\/\/blog.lesplantesdedamien.fr\/?page_id=2\">Continue reading <span class=\"meta-nav\">&rarr;<\/span><\/a><\/p>\n","protected":false},"author":1,"featured_media":0,"parent":0,"menu_order":0,"comment_status":"open","ping_status":"closed","template":"","meta":{"footnotes":""},"class_list":["post-2","page","type-page","status-publish","hentry"],"_links":{"self":[{"href":"http:\/\/blog.lesplantesdedamien.fr\/index.php?rest_route=\/wp\/v2\/pages\/2","targetHints":{"allow":["GET"]}}],"collection":[{"href":"http:\/\/blog.lesplantesdedamien.fr\/index.php?rest_route=\/wp\/v2\/pages"}],"about":[{"href":"http:\/\/blog.lesplantesdedamien.fr\/index.php?rest_route=\/wp\/v2\/types\/page"}],"author":[{"embeddable":true,"href":"http:\/\/blog.lesplantesdedamien.fr\/index.php?rest_route=\/wp\/v2\/users\/1"}],"replies":[{"embeddable":true,"href":"http:\/\/blog.lesplantesdedamien.fr\/index.php?rest_route=%2Fwp%2Fv2%2Fcomments&post=2"}],"version-history":[{"count":8,"href":"http:\/\/blog.lesplantesdedamien.fr\/index.php?rest_route=\/wp\/v2\/pages\/2\/revisions"}],"predecessor-version":[{"id":7,"href":"http:\/\/blog.lesplantesdedamien.fr\/index.php?rest_route=\/wp\/v2\/pages\/2\/revisions\/7"}],"wp:attachment":[{"href":"http:\/\/blog.lesplantesdedamien.fr\/index.php?rest_route=%2Fwp%2Fv2%2Fmedia&parent=2"}],"curies":[{"name":"wp","href":"https:\/\/api.w.org\/{rel}","templated":true}]}}